{"id":27,"date":"2019-12-11T21:19:33","date_gmt":"2019-12-12T02:19:33","guid":{"rendered":"https:\/\/olgcp.ca\/fr\/?page_id=27"},"modified":"2019-12-26T21:15:01","modified_gmt":"2019-12-27T02:15:01","slug":"accueil","status":"publish","type":"page","link":"https:\/\/olgcp.ca\/fr\/","title":{"rendered":"Accueil"},"content":{"rendered":"<p><\/p>\n\n\n<\/p>\n<p><\/p>\n<p>\n\n\n<p><\/p>\n\n\n<\/p>\n<p>Les messes sont c\u00e9l\u00e9br\u00e9s habituellement&nbsp;: <br>Mardi au Jeudi: 7:40&nbsp;<br>Samedi: 8:30 <br>Dimanche: 9h<\/p>\n<p>\n\n\n<p><\/p>","protected":false},"excerpt":{"rendered":"<p>Les messes sont c\u00e9l\u00e9br\u00e9s habituellement&nbsp;: Mardi au Jeudi: 7:40&nbsp;Samedi: 8:30 Dimanche: 9h<\/p>\n","protected":false},"author":1,"featured_media":0,"parent":0,"menu_order":0,"comment_status":"closed","ping_status":"closed","template":"","meta":[],"_links":{"self":[{"href":"https:\/\/olgcp.ca\/fr\/wp-json\/wp\/v2\/pages\/27"}],"collection":[{"href":"https:\/\/olgcp.ca\/fr\/wp-json\/wp\/v2\/pages"}],"about":[{"href":"https:\/\/olgcp.ca\/fr\/wp-json\/wp\/v2\/types\/page"}],"author":[{"embeddable":true,"href":"https:\/\/olgcp.ca\/fr\/wp-json\/wp\/v2\/users\/1"}],"replies":[{"embeddable":true,"href":"https:\/\/olgcp.ca\/fr\/wp-json\/wp\/v2\/comments?post=27"}],"version-history":[{"count":4,"href":"https:\/\/olgcp.ca\/fr\/wp-json\/wp\/v2\/pages\/27\/revisions"}],"predecessor-version":[{"id":42,"href":"https:\/\/olgcp.ca\/fr\/wp-json\/wp\/v2\/pages\/27\/revisions\/42"}],"wp:attachment":[{"href":"https:\/\/olgcp.ca\/fr\/wp-json\/wp\/v2\/media?parent=27"}],"curies":[{"name":"wp","href":"https:\/\/api.w.org\/{rel}","templated":true}]}}